{"id":456,"date":"2021-12-12T23:40:47","date_gmt":"2021-12-12T23:40:47","guid":{"rendered":"https:\/\/3impresores.com\/webenpruebas\/?page_id=456"},"modified":"2022-02-03T15:58:18","modified_gmt":"2022-02-03T15:58:18","slug":"empresa","status":"publish","type":"page","link":"https:\/\/3impresores.com\/webenpruebas\/empresa\/","title":{"rendered":"EMPRESA"},"content":{"rendered":"\t\t<div data-elementor-type=\"wp-page\" data-elementor-id=\"456\" class=\"elementor elementor-456\" data-elementor-settings=\"[]\">\n\t\t\t\t\t\t\t<div class=\"elementor-section-wrap\">\n\t\t\t\t\t\t\t<section class=\"elementor-section elementor-top-section elementor-element elementor-element-5cebbbd elementor-section-full_width elementor-section-stretched elementor-section-height-default elementor-section-height-default\" data-id=\"5cebbbd\" data-element_type=\"section\" data-settings=\"{&quot;stretch_section&quot;:&quot;section-stretched&quot;}\">\n\t\t\t\t\t\t<div class=\"elementor-container elementor-column-gap-no\">\n\t\t\t\t\t<div class=\"elementor-column elementor-col-100 elementor-top-column elementor-element elementor-element-67177bd\" data-id=\"67177bd\" data-element_type=\"column\">\n\t\t\t<div class=\"elementor-widget-wrap elementor-element-populated\">\n\t\t\t\t\t\t\t\t<div class=\"elementor-element elementor-element-2b28262 elementor-aspect-ratio-169 elementor-widget elementor-widget-video\" data-id=\"2b28262\" data-element_type=\"widget\" data-settings=\"{&quot;youtube_url&quot;:&quot;https:\\\/\\\/youtu.be\\\/iEXg8ykndoQ&quot;,&quot;autoplay&quot;:&quot;yes&quot;,&quot;play_on_mobile&quot;:&quot;yes&quot;,&quot;mute&quot;:&quot;yes&quot;,&quot;loop&quot;:&quot;yes&quot;,&quot;video_type&quot;:&quot;youtube&quot;,&quot;controls&quot;:&quot;yes&quot;,&quot;aspect_ratio&quot;:&quot;169&quot;}\" data-widget_type=\"video.default\">\n\t\t\t\t<div class=\"elementor-widget-container\">\n\t\t\t<style>\/*! elementor - v3.5.6 - 28-02-2022 *\/\n.elementor-widget-video .elementor-widget-container{overflow:hidden;-webkit-transform:translateZ(0);transform:translateZ(0)}.elementor-widget-video .elementor-open-inline .elementor-custom-embed-image-overlay{position:absolute;top:0;left:0;width:100%;height:100%;-webkit-background-size:cover;background-size:cover;background-position:50%}.elementor-widget-video .elementor-custom-embed-image-overlay{cursor:pointer;text-align:center}.elementor-widget-video .elementor-custom-embed-image-overlay:hover .elementor-custom-embed-play i{opacity:1}.elementor-widget-video .elementor-custom-embed-image-overlay img{display:block;width:100%}.elementor-widget-video .e-hosted-video .elementor-video{-o-object-fit:cover;object-fit:cover}<\/style>\t\t<div class=\"elementor-wrapper elementor-fit-aspect-ratio elementor-open-inline\">\n\t\t\t<div class=\"elementor-video\"><\/div>\t\t<\/div>\n\t\t\t\t<\/div>\n\t\t\t\t<\/div>\n\t\t\t\t\t<\/div>\n\t\t<\/div>\n\t\t\t\t\t\t\t<\/div>\n\t\t<\/section>\n\t\t\t\t<section class=\"elementor-section elementor-top-section elementor-element elementor-element-e7e67b2 elementor-section-height-full elementor-section-boxed elementor-section-height-default elementor-section-items-middle\" data-id=\"e7e67b2\" data-element_type=\"section\">\n\t\t\t\t\t\t<div class=\"elementor-container elementor-column-gap-default\">\n\t\t\t\t\t<div class=\"elementor-column elementor-col-50 elementor-top-column elementor-element elementor-element-b7d5e8e\" data-id=\"b7d5e8e\" data-element_type=\"column\">\n\t\t\t<div class=\"elementor-widget-wrap elementor-element-populated\">\n\t\t\t\t\t\t\t\t<div class=\"elementor-element elementor-element-e984729 elementor-widget elementor-widget-image\" data-id=\"e984729\" data-element_type=\"widget\" data-widget_type=\"image.default\">\n\t\t\t\t<div class=\"elementor-widget-container\">\n\t\t\t<style>\/*! elementor - v3.5.6 - 28-02-2022 *\/\n.elementor-widget-image{text-align:center}.elementor-widget-image a{display:inline-block}.elementor-widget-image a img[src$=\".svg\"]{width:48px}.elementor-widget-image img{vertical-align:middle;display:inline-block}<\/style>\t\t\t\t\t\t\t\t\t\t\t\t<img width=\"800\" height=\"116\" src=\"https:\/\/3impresores.com\/webenpruebas\/wp-content\/uploads\/2021\/09\/logo-banner-3impresores-01-1024x148.png\" class=\"attachment-large size-large\" alt=\"\" loading=\"lazy\" srcset=\"https:\/\/3impresores.com\/webenpruebas\/wp-content\/uploads\/2021\/09\/logo-banner-3impresores-01-1024x148.png 1024w, https:\/\/3impresores.com\/webenpruebas\/wp-content\/uploads\/2021\/09\/logo-banner-3impresores-01-300x43.png 300w, https:\/\/3impresores.com\/webenpruebas\/wp-content\/uploads\/2021\/09\/logo-banner-3impresores-01-768x111.png 768w, https:\/\/3impresores.com\/webenpruebas\/wp-content\/uploads\/2021\/09\/logo-banner-3impresores-01.png 1126w\" sizes=\"(max-width: 800px) 100vw, 800px\" \/>\t\t\t\t\t\t\t\t\t\t\t\t\t\t\t<\/div>\n\t\t\t\t<\/div>\n\t\t\t\t\t<\/div>\n\t\t<\/div>\n\t\t\t\t<div class=\"elementor-column elementor-col-50 elementor-top-column elementor-element elementor-element-c9954d3\" data-id=\"c9954d3\" data-element_type=\"column\">\n\t\t\t<div class=\"elementor-widget-wrap elementor-element-populated\">\n\t\t\t\t\t\t\t\t<div class=\"elementor-element elementor-element-6885002 elementor-widget elementor-widget-text-editor\" data-id=\"6885002\" data-element_type=\"widget\" data-widget_type=\"text-editor.default\">\n\t\t\t\t<div class=\"elementor-widget-container\">\n\t\t\t<style>\/*! elementor - v3.5.6 - 28-02-2022 *\/\n.elementor-widget-text-editor.elementor-drop-cap-view-stacked .elementor-drop-cap{background-color:#818a91;color:#fff}.elementor-widget-text-editor.elementor-drop-cap-view-framed .elementor-drop-cap{color:#818a91;border:3px solid;background-color:transparent}.elementor-widget-text-editor:not(.elementor-drop-cap-view-default) .elementor-drop-cap{margin-top:8px}.elementor-widget-text-editor:not(.elementor-drop-cap-view-default) .elementor-drop-cap-letter{width:1em;height:1em}.elementor-widget-text-editor .elementor-drop-cap{float:left;text-align:center;line-height:1;font-size:50px}.elementor-widget-text-editor .elementor-drop-cap-letter{display:inline-block}<\/style>\t\t\t\t<p class=\"p1\">TRES IMPRESORES SUR S.L. Una empresa andaluza, fundada en 1994 en Alcal\u00e1 la Real (JAEN), y que ha colaborado desde entonces con particulares, empresas, organismos p\u00fablicos, editoriales, etc.\u2026<\/p><p class=\"p1\">Cuenta con un gran equipo humano, con a\u00f1os de experiencia en el sector gr\u00e1fico y dotados con los \u00faltimos avances tecnol\u00f3gicos, para hacer realidad cualquier idea de comunicaci\u00f3n gr\u00e1fica.<\/p><p class=\"p1\">El aprendizaje continuo y el mimo con que tratamos cada uno de los trabajos, hacen que obtengamos resultados finales de muy alta calidad y con unos acabados inigualables.<span class=\"Apple-converted-space\">\u00a0<\/span><\/p><p class=\"p1\">Contamos con los certificados de la norma ISO 9001:2008 e ISO 14001:2004 de Calidad y Medioambiente respectivamente, recientemente nos hemos certificado en FSC y PEFC.<\/p><p class=\"p1\">Tres Impresores Sur tiene un claro objetivo: satisfacer la demanda de un mercado cada vez m\u00e1s exigente y competitivo con un trabajo constante y serio, intentando en todo momento adaptarse a las nuevas tecnolog\u00edas.<\/p><p class=\"p1\"><b>Nuestra apuesta, los clientes\u2026nuestro camino, la calidad.<\/b><\/p>\t\t\t\t\t\t<\/div>\n\t\t\t\t<\/div>\n\t\t\t\t\t<\/div>\n\t\t<\/div>\n\t\t\t\t\t\t\t<\/div>\n\t\t<\/section>\n\t\t\t\t<section class=\"elementor-section elementor-top-section elementor-element elementor-element-dd661d5 elementor-section-stretched elementor-section-boxed elementor-section-height-default elementor-section-height-default\" data-id=\"dd661d5\" data-element_type=\"section\" data-settings=\"{&quot;stretch_section&quot;:&quot;section-stretched&quot;}\">\n\t\t\t\t\t\t<div class=\"elementor-container elementor-column-gap-no\">\n\t\t\t\t\t<div class=\"elementor-column elementor-col-100 elementor-top-column elementor-element elementor-element-e4f524b\" data-id=\"e4f524b\" data-element_type=\"column\">\n\t\t\t<div class=\"elementor-widget-wrap elementor-element-populated\">\n\t\t\t\t\t\t\t\t<div class=\"elementor-element elementor-element-26bfbc3 elementor-aspect-ratio-169 elementor-widget elementor-widget-video\" data-id=\"26bfbc3\" data-element_type=\"widget\" data-settings=\"{&quot;youtube_url&quot;:&quot;https:\\\/\\\/youtu.be\\\/923vR7JRjys&quot;,&quot;autoplay&quot;:&quot;yes&quot;,&quot;play_on_mobile&quot;:&quot;yes&quot;,&quot;mute&quot;:&quot;yes&quot;,&quot;loop&quot;:&quot;yes&quot;,&quot;video_type&quot;:&quot;youtube&quot;,&quot;controls&quot;:&quot;yes&quot;,&quot;aspect_ratio&quot;:&quot;169&quot;}\" data-widget_type=\"video.default\">\n\t\t\t\t<div class=\"elementor-widget-container\">\n\t\t\t\t\t<div class=\"elementor-wrapper elementor-fit-aspect-ratio elementor-open-inline\">\n\t\t\t<div class=\"elementor-video\"><\/div>\t\t<\/div>\n\t\t\t\t<\/div>\n\t\t\t\t<\/div>\n\t\t\t\t\t<\/div>\n\t\t<\/div>\n\t\t\t\t\t\t\t<\/div>\n\t\t<\/section>\n\t\t\t\t\t\t<\/div>\n\t\t\t\t\t<\/div>\n\t\t","protected":false},"excerpt":{"rendered":"<p>TRES IMPRESORES SUR S.L. Una empresa andaluza, fundada en 1994 en Alcal\u00e1 la Real (JAEN), y que ha colaborado desde entonces con particulares, empresas, organismos p\u00fablicos, editoriales, etc.\u2026 Cuenta con un gran equipo humano, con a\u00f1os de experiencia en el sector gr\u00e1fico y dotados con los \u00faltimos avances tecnol\u00f3gicos, para hacer realidad cualquier idea de [&hellip;]<\/p>\n","protected":false},"author":1,"featured_media":0,"parent":0,"menu_order":0,"comment_status":"closed","ping_status":"closed","template":"elementor_theme","meta":[],"yoast_head":"<!-- This site is optimized with the Yoast SEO plugin v18.2 - https:\/\/yoast.com\/wordpress\/plugins\/seo\/ -->\n<title>EMPRESA - 3 Impresores<\/title>\n<meta name=\"robots\" content=\"index, follow, max-snippet:-1, max-image-preview:large, max-video-preview:-1\" \/>\n<link rel=\"canonical\" href=\"https:\/\/3impresores.com\/webenpruebas\/empresa\/\" \/>\n<meta property=\"og:locale\" content=\"es_ES\" \/>\n<meta property=\"og:type\" content=\"article\" \/>\n<meta property=\"og:title\" content=\"EMPRESA - 3 Impresores\" \/>\n<meta property=\"og:description\" content=\"TRES IMPRESORES SUR S.L. Una empresa andaluza, fundada en 1994 en Alcal\u00e1 la Real (JAEN), y que ha colaborado desde entonces con particulares, empresas, organismos p\u00fablicos, editoriales, etc.\u2026 Cuenta con un gran equipo humano, con a\u00f1os de experiencia en el sector gr\u00e1fico y dotados con los \u00faltimos avances tecnol\u00f3gicos, para hacer realidad cualquier idea de [&hellip;]\" \/>\n<meta property=\"og:url\" content=\"https:\/\/3impresores.com\/webenpruebas\/empresa\/\" \/>\n<meta property=\"og:site_name\" content=\"3 Impresores\" \/>\n<meta property=\"article:modified_time\" content=\"2022-02-03T15:58:18+00:00\" \/>\n<meta property=\"og:image\" content=\"https:\/\/3impresores.com\/webenpruebas\/wp-content\/uploads\/2021\/09\/logo-banner-3impresores-01-1024x148.png\" \/>\n<meta name=\"twitter:card\" content=\"summary_large_image\" \/>\n<meta name=\"twitter:label1\" content=\"Tiempo de lectura\" \/>\n\t<meta name=\"twitter:data1\" content=\"1 minuto\" \/>\n<script type=\"application\/ld+json\" class=\"yoast-schema-graph\">{\"@context\":\"https:\/\/schema.org\",\"@graph\":[{\"@type\":\"WebSite\",\"@id\":\"https:\/\/3impresores.com\/webenpruebas\/#website\",\"url\":\"https:\/\/3impresores.com\/webenpruebas\/\",\"name\":\"3 Impresores\",\"description\":\"Artes Gr\u00e1ficas - Fabricante de etiquetas\",\"potentialAction\":[{\"@type\":\"SearchAction\",\"target\":{\"@type\":\"EntryPoint\",\"urlTemplate\":\"https:\/\/3impresores.com\/webenpruebas\/?s={search_term_string}\"},\"query-input\":\"required name=search_term_string\"}],\"inLanguage\":\"es\"},{\"@type\":\"ImageObject\",\"@id\":\"https:\/\/3impresores.com\/webenpruebas\/empresa\/#primaryimage\",\"inLanguage\":\"es\",\"url\":\"https:\/\/3impresores.com\/webenpruebas\/wp-content\/uploads\/2021\/09\/logo-banner-3impresores-01-1024x148.png\",\"contentUrl\":\"https:\/\/3impresores.com\/webenpruebas\/wp-content\/uploads\/2021\/09\/logo-banner-3impresores-01-1024x148.png\"},{\"@type\":\"WebPage\",\"@id\":\"https:\/\/3impresores.com\/webenpruebas\/empresa\/#webpage\",\"url\":\"https:\/\/3impresores.com\/webenpruebas\/empresa\/\",\"name\":\"EMPRESA - 3 Impresores\",\"isPartOf\":{\"@id\":\"https:\/\/3impresores.com\/webenpruebas\/#website\"},\"primaryImageOfPage\":{\"@id\":\"https:\/\/3impresores.com\/webenpruebas\/empresa\/#primaryimage\"},\"datePublished\":\"2021-12-12T23:40:47+00:00\",\"dateModified\":\"2022-02-03T15:58:18+00:00\",\"breadcrumb\":{\"@id\":\"https:\/\/3impresores.com\/webenpruebas\/empresa\/#breadcrumb\"},\"inLanguage\":\"es\",\"potentialAction\":[{\"@type\":\"ReadAction\",\"target\":[\"https:\/\/3impresores.com\/webenpruebas\/empresa\/\"]}]},{\"@type\":\"BreadcrumbList\",\"@id\":\"https:\/\/3impresores.com\/webenpruebas\/empresa\/#breadcrumb\",\"itemListElement\":[{\"@type\":\"ListItem\",\"position\":1,\"name\":\"Portada\",\"item\":\"https:\/\/3impresores.com\/webenpruebas\/\"},{\"@type\":\"ListItem\",\"position\":2,\"name\":\"EMPRESA\"}]}]}<\/script>\n<!-- \/ Yoast SEO plugin. -->","yoast_head_json":{"title":"EMPRESA - 3 Impresores","robots":{"index":"index","follow":"follow","max-snippet":"max-snippet:-1","max-image-preview":"max-image-preview:large","max-video-preview":"max-video-preview:-1"},"canonical":"https:\/\/3impresores.com\/webenpruebas\/empresa\/","og_locale":"es_ES","og_type":"article","og_title":"EMPRESA - 3 Impresores","og_description":"TRES IMPRESORES SUR S.L. Una empresa andaluza, fundada en 1994 en Alcal\u00e1 la Real (JAEN), y que ha colaborado desde entonces con particulares, empresas, organismos p\u00fablicos, editoriales, etc.\u2026 Cuenta con un gran equipo humano, con a\u00f1os de experiencia en el sector gr\u00e1fico y dotados con los \u00faltimos avances tecnol\u00f3gicos, para hacer realidad cualquier idea de [&hellip;]","og_url":"https:\/\/3impresores.com\/webenpruebas\/empresa\/","og_site_name":"3 Impresores","article_modified_time":"2022-02-03T15:58:18+00:00","og_image":[{"url":"https:\/\/3impresores.com\/webenpruebas\/wp-content\/uploads\/2021\/09\/logo-banner-3impresores-01-1024x148.png"}],"twitter_card":"summary_large_image","twitter_misc":{"Tiempo de lectura":"1 minuto"},"schema":{"@context":"https:\/\/schema.org","@graph":[{"@type":"WebSite","@id":"https:\/\/3impresores.com\/webenpruebas\/#website","url":"https:\/\/3impresores.com\/webenpruebas\/","name":"3 Impresores","description":"Artes Gr\u00e1ficas - Fabricante de etiquetas","potentialAction":[{"@type":"SearchAction","target":{"@type":"EntryPoint","urlTemplate":"https:\/\/3impresores.com\/webenpruebas\/?s={search_term_string}"},"query-input":"required name=search_term_string"}],"inLanguage":"es"},{"@type":"ImageObject","@id":"https:\/\/3impresores.com\/webenpruebas\/empresa\/#primaryimage","inLanguage":"es","url":"https:\/\/3impresores.com\/webenpruebas\/wp-content\/uploads\/2021\/09\/logo-banner-3impresores-01-1024x148.png","contentUrl":"https:\/\/3impresores.com\/webenpruebas\/wp-content\/uploads\/2021\/09\/logo-banner-3impresores-01-1024x148.png"},{"@type":"WebPage","@id":"https:\/\/3impresores.com\/webenpruebas\/empresa\/#webpage","url":"https:\/\/3impresores.com\/webenpruebas\/empresa\/","name":"EMPRESA - 3 Impresores","isPartOf":{"@id":"https:\/\/3impresores.com\/webenpruebas\/#website"},"primaryImageOfPage":{"@id":"https:\/\/3impresores.com\/webenpruebas\/empresa\/#primaryimage"},"datePublished":"2021-12-12T23:40:47+00:00","dateModified":"2022-02-03T15:58:18+00:00","breadcrumb":{"@id":"https:\/\/3impresores.com\/webenpruebas\/empresa\/#breadcrumb"},"inLanguage":"es","potentialAction":[{"@type":"ReadAction","target":["https:\/\/3impresores.com\/webenpruebas\/empresa\/"]}]},{"@type":"BreadcrumbList","@id":"https:\/\/3impresores.com\/webenpruebas\/empresa\/#breadcrumb","itemListElement":[{"@type":"ListItem","position":1,"name":"Portada","item":"https:\/\/3impresores.com\/webenpruebas\/"},{"@type":"ListItem","position":2,"name":"EMPRESA"}]}]}},"_links":{"self":[{"href":"https:\/\/3impresores.com\/webenpruebas\/wp-json\/wp\/v2\/pages\/456"}],"collection":[{"href":"https:\/\/3impresores.com\/webenpruebas\/wp-json\/wp\/v2\/pages"}],"about":[{"href":"https:\/\/3impresores.com\/webenpruebas\/wp-json\/wp\/v2\/types\/page"}],"author":[{"embeddable":true,"href":"https:\/\/3impresores.com\/webenpruebas\/wp-json\/wp\/v2\/users\/1"}],"replies":[{"embeddable":true,"href":"https:\/\/3impresores.com\/webenpruebas\/wp-json\/wp\/v2\/comments?post=456"}],"version-history":[{"count":18,"href":"https:\/\/3impresores.com\/webenpruebas\/wp-json\/wp\/v2\/pages\/456\/revisions"}],"predecessor-version":[{"id":937,"href":"https:\/\/3impresores.com\/webenpruebas\/wp-json\/wp\/v2\/pages\/456\/revisions\/937"}],"wp:attachment":[{"href":"https:\/\/3impresores.com\/webenpruebas\/wp-json\/wp\/v2\/media?parent=456"}],"curies":[{"name":"wp","href":"https:\/\/api.w.org\/{rel}","templated":true}]}}